{"id":7025,"date":"2023-10-27T16:12:57","date_gmt":"2023-10-27T15:12:57","guid":{"rendered":"https:\/\/www.anamdesign.nl\/?post_type=product&#038;p=7025"},"modified":"2025-11-29T16:23:21","modified_gmt":"2025-11-29T15:23:21","slug":"kerst-17-kersthondje-5-kaarten-binnenkort-beschikbaar","status":"publish","type":"product","link":"https:\/\/www.anamdesign.nl\/en\/product\/kerst-17-kersthondje-5-kaarten-binnenkort-beschikbaar\/","title":{"rendered":"Kerst 17: KerstHondje: 5 KAARTEN!"},"content":{"rendered":"","protected":false},"excerpt":{"rendered":"<p><span style=\"color: #008000;\"><strong>AANBIEDING: \u20ac1,25 korting! (all\u00e9\u00e9n bij een bestelling van 5 kaarten van d\u00e9ze soort).<\/strong><\/span><\/p>\n<hr \/>\n<p><span style=\"color: #ff6600;\"><strong>LET OP:<\/strong><\/span><\/p>\n<p><span style=\"color: #ff6600;\"><strong>NEDERLANDSE BESTEMMING: <em>bestellen mogelijk t\/m UITERLIJK 15 december!<\/em><\/strong><\/span><\/p>\n<p><span style=\"color: #ff6600;\"><strong>BUITENLANDSE BESTEMMING(binnen Europa): <em>bestellen mogelijk t\/m UITERLIJK 5 december!<\/em><\/strong><\/span><\/p>\n<p><span style=\"color: #ff6600;\"><strong>BESTELLING BUITEN EUROPA: <em>nog niet mogelijk!<\/em><\/strong><\/span><\/p>\n<hr \/>\n<p>(H)14 cm x (B)14 cm. Gedrukt op 300 grams, HVO-papier.<\/p>\n<p>Kaartnr.: Kerst 17: KerstHondje<\/p>\n<p>De afbeelding voor deze kaart heb ik eerst op papier geschilderd met aquarelverf. Ook de letters zijn volledig door mij getekend op papier.<\/p>\n<p>Daarna heb ik de afbeelding ingescand en bewerkt in het programma Photoshop + Illustrator. In Indesign heb ik de kaart samengesteld.<\/p>\n<p>De kaart is leeg\/wit van binnen en wordt geleverd met een rode envelop.<\/p>\n<p>N.B.: kleuren op computerscherm kunnen iets afwijken van de werkelijke(gedrukte) kleuren op de kaart zelf.<\/p>\n","protected":false},"featured_media":7014,"comment_status":"closed","ping_status":"closed","template":"","meta":[],"product_brand":[],"product_cat":[128],"product_tag":[],"class_list":{"0":"post-7025","1":"product","2":"type-product","3":"status-publish","4":"has-post-thumbnail","6":"product_cat-kerstkaarten","8":"first","9":"instock","10":"sale","11":"taxable","12":"shipping-taxable","13":"purchasable","14":"product-type-simple"},"_links":{"self":[{"href":"https:\/\/www.anamdesign.nl\/en\/wp-json\/wp\/v2\/product\/7025","targetHints":{"allow":["GET"]}}],"collection":[{"href":"https:\/\/www.anamdesign.nl\/en\/wp-json\/wp\/v2\/product"}],"about":[{"href":"https:\/\/www.anamdesign.nl\/en\/wp-json\/wp\/v2\/types\/product"}],"replies":[{"embeddable":true,"href":"https:\/\/www.anamdesign.nl\/en\/wp-json\/wp\/v2\/comments?post=7025"}],"wp:featuredmedia":[{"embeddable":true,"href":"https:\/\/www.anamdesign.nl\/en\/wp-json\/wp\/v2\/media\/7014"}],"wp:attachment":[{"href":"https:\/\/www.anamdesign.nl\/en\/wp-json\/wp\/v2\/media?parent=7025"}],"wp:term":[{"taxonomy":"product_brand","embeddable":true,"href":"https:\/\/www.anamdesign.nl\/en\/wp-json\/wp\/v2\/product_brand?post=7025"},{"taxonomy":"product_cat","embeddable":true,"href":"https:\/\/www.anamdesign.nl\/en\/wp-json\/wp\/v2\/product_cat?post=7025"},{"taxonomy":"product_tag","embeddable":true,"href":"https:\/\/www.anamdesign.nl\/en\/wp-json\/wp\/v2\/product_tag?post=7025"}],"curies":[{"name":"wp","href":"https:\/\/api.w.org\/{rel}","templated":true}]}}