{"id":6899,"date":"2022-11-13T16:15:49","date_gmt":"2022-11-13T15:15:49","guid":{"rendered":"https:\/\/www.anamdesign.nl\/?post_type=product&#038;p=6899"},"modified":"2025-11-29T17:03:43","modified_gmt":"2025-11-29T16:03:43","slug":"kerst-4-angelhouse-10-kaarten","status":"publish","type":"product","link":"https:\/\/www.anamdesign.nl\/en\/product\/kerst-4-angelhouse-10-kaarten\/","title":{"rendered":"Kerst 4: AngelHouse: 10 KAARTEN!"},"content":{"rendered":"","protected":false},"excerpt":{"rendered":"<div class=\"woocommerce-product-details__short-description\">\n<p><span style=\"color: #339966;\"><strong>AANBIEDING:\u00a0\u20ac4,- korting! (all\u00e9\u00e9n bij een bestelling van 10 kaarten van d\u00e9ze soort).<\/strong><\/span><\/p>\n<hr \/>\n<p><span style=\"color: #ff6600;\"><strong>NEDERLANDSE BESTEMMING: <em>bestellen mogelijk t\/m UITERLIJK 15 december!<\/em><\/strong><\/span><\/p>\n<p><span style=\"color: #ff6600;\"><strong>BUITENLANDSE BESTEMMING(binnen Europa): <em>bestellen mogelijk t\/m UITERLIJK 5 december!<\/em><\/strong><\/span><\/p>\n<p><span style=\"color: #ff6600;\"><strong>BESTELLING BUITEN EUROPA: <em>nog niet mogelijk!<\/em><\/strong><\/span><\/p>\n<p>(H)14 cm x (B)14 cm. Gedrukt op 300 grams HVO-papier.<\/p>\n<p>Kaartnr.: Kerst4<\/p>\n<p>Deze kaart heb ik eerst zelf geschilderd(aquarel) op papier, daarna ingescand naar de computer.<\/p>\n<p>Daarna heb ik alles samengevoegd en de kaart in het programma Indesign op de computer klaargemaakt voor de drukkerij. Ook alle letters zijn eigen ontwerp!<\/p>\n<p><strong><em>Tekst op het huisje: <span style=\"color: #339966;\">May you feel safe + protected<\/span><\/em><\/strong><span style=\"color: #339966;\">(moge je je veilig en beschermd voelen).\u00a0<em><strong>Dit is een<\/strong><\/em>\u00a0<em><strong>Beschermengel die het huis komt beschermen.<\/strong><\/em><\/span><\/p>\n<p>Een hele toepasselijke kaart in deze onzekere tijden waarin zoveel gebeurt en heel veel mensen zich niet meer veilig voelen&#8230;..<\/p>\n<p>De kaart is leeg\/wit van binnen en wordt geleverd met een rode envelop.<\/p>\n<p>N.B.: kleuren op computerscherm kunnen iets afwijken van de werkelijke(gedrukte) kleuren op de kaart zelf.<\/p>\n<\/div>\n","protected":false},"featured_media":6887,"comment_status":"closed","ping_status":"closed","template":"","meta":[],"product_brand":[],"product_cat":[132,128],"product_tag":[],"class_list":{"0":"post-6899","1":"product","2":"type-product","3":"status-publish","4":"has-post-thumbnail","6":"product_cat-engelse-kerstkaarten","7":"product_cat-kerstkaarten","9":"first","10":"instock","11":"sale","12":"taxable","13":"shipping-taxable","14":"purchasable","15":"product-type-simple"},"_links":{"self":[{"href":"https:\/\/www.anamdesign.nl\/en\/wp-json\/wp\/v2\/product\/6899","targetHints":{"allow":["GET"]}}],"collection":[{"href":"https:\/\/www.anamdesign.nl\/en\/wp-json\/wp\/v2\/product"}],"about":[{"href":"https:\/\/www.anamdesign.nl\/en\/wp-json\/wp\/v2\/types\/product"}],"replies":[{"embeddable":true,"href":"https:\/\/www.anamdesign.nl\/en\/wp-json\/wp\/v2\/comments?post=6899"}],"wp:featuredmedia":[{"embeddable":true,"href":"https:\/\/www.anamdesign.nl\/en\/wp-json\/wp\/v2\/media\/6887"}],"wp:attachment":[{"href":"https:\/\/www.anamdesign.nl\/en\/wp-json\/wp\/v2\/media?parent=6899"}],"wp:term":[{"taxonomy":"product_brand","embeddable":true,"href":"https:\/\/www.anamdesign.nl\/en\/wp-json\/wp\/v2\/product_brand?post=6899"},{"taxonomy":"product_cat","embeddable":true,"href":"https:\/\/www.anamdesign.nl\/en\/wp-json\/wp\/v2\/product_cat?post=6899"},{"taxonomy":"product_tag","embeddable":true,"href":"https:\/\/www.anamdesign.nl\/en\/wp-json\/wp\/v2\/product_tag?post=6899"}],"curies":[{"name":"wp","href":"https:\/\/api.w.org\/{rel}","templated":true}]}}