{"id":6070,"date":"2020-11-26T10:40:01","date_gmt":"2020-11-26T09:40:01","guid":{"rendered":"https:\/\/www.anamdesign.nl\/?post_type=product&#038;p=6070"},"modified":"2025-12-01T12:51:04","modified_gmt":"2025-12-01T11:51:04","slug":"kerst-15-couple-stel-in-sneeuwlandschap-10-kaarten","status":"publish","type":"product","link":"https:\/\/www.anamdesign.nl\/en\/product\/kerst-15-couple-stel-in-sneeuwlandschap-10-kaarten\/","title":{"rendered":"Kerst 15: Couple\/Stel in sneeuwlandschap: 10 KAARTEN!"},"content":{"rendered":"","protected":false},"excerpt":{"rendered":"<p><span style=\"color: #008000;\"><strong>AANBIEDING:\u00a0\u20ac4,- korting! (all\u00e9\u00e9n bij een bestelling van 10 kaarten van d\u00e9ze soort).<\/strong><\/span><\/p>\n<hr \/>\n<p><span style=\"color: #ff6600;\"><strong>NEDERLANDSE BESTEMMING: <em>bestellen mogelijk t\/m UITERLIJK 15 december!<\/em><\/strong><\/span><\/p>\n<p><span style=\"color: #ff6600;\"><strong>BUITENLANDSE BESTEMMING(binnen Europa): <em>bestellen mogelijk t\/m UITERLIJK 5 december!<\/em><\/strong><\/span><\/p>\n<p><span style=\"color: #ff6600;\"><strong>BESTELLING BUITEN EUROPA: <em>nog niet mogelijk!<\/em><\/strong><\/span><\/p>\n<hr \/>\n<p>Klik <span style=\"color: #008000;\"><strong><a style=\"color: #008000;\" href=\"https:\/\/www.anamdesign.nl\/product\/kerst-14-couple-in-snowy-countrysideengels-10-kaarten\/\">HIER<\/a><\/strong><\/span>\u00a0voor de <em><strong>Engelse<\/strong><\/em> versie van deze kaart.<\/p>\n<p>(H)14 cm x (B)14 cm. Gedrukt op 300 grams HVO-papier.<\/p>\n<p>Kaartnr.15: Couple\/Stel in sneeuwlandschap<\/p>\n<p>Samen zijn tijdens de Kerstdagen is het mooiste cadeau dat we elkaar kunnen geven, toch?<\/p>\n<p>Deze kaart heb ik zelf getekend in het programma Illustrator, ook de letters zijn allemaal mijn eigen ontwerp. Daarna heb ik de kaart in het programma Indesign op de computer klaargemaakt voor de drukkerij.<\/p>\n<p>De kaart is leeg\/wit van binnen en wordt geleverd met een rode envelop.<\/p>\n<p>N.B.: kleuren op computerscherm kunnen iets afwijken van de werkelijke(gedrukte) kleuren op de kaart zelf.<\/p>\n","protected":false},"featured_media":6071,"comment_status":"closed","ping_status":"closed","template":"","meta":[],"product_brand":[],"product_cat":[128],"product_tag":[],"class_list":{"0":"post-6070","1":"product","2":"type-product","3":"status-publish","4":"has-post-thumbnail","6":"product_cat-kerstkaarten","8":"first","9":"instock","10":"sale","11":"taxable","12":"shipping-taxable","13":"purchasable","14":"product-type-simple"},"_links":{"self":[{"href":"https:\/\/www.anamdesign.nl\/en\/wp-json\/wp\/v2\/product\/6070","targetHints":{"allow":["GET"]}}],"collection":[{"href":"https:\/\/www.anamdesign.nl\/en\/wp-json\/wp\/v2\/product"}],"about":[{"href":"https:\/\/www.anamdesign.nl\/en\/wp-json\/wp\/v2\/types\/product"}],"replies":[{"embeddable":true,"href":"https:\/\/www.anamdesign.nl\/en\/wp-json\/wp\/v2\/comments?post=6070"}],"wp:featuredmedia":[{"embeddable":true,"href":"https:\/\/www.anamdesign.nl\/en\/wp-json\/wp\/v2\/media\/6071"}],"wp:attachment":[{"href":"https:\/\/www.anamdesign.nl\/en\/wp-json\/wp\/v2\/media?parent=6070"}],"wp:term":[{"taxonomy":"product_brand","embeddable":true,"href":"https:\/\/www.anamdesign.nl\/en\/wp-json\/wp\/v2\/product_brand?post=6070"},{"taxonomy":"product_cat","embeddable":true,"href":"https:\/\/www.anamdesign.nl\/en\/wp-json\/wp\/v2\/product_cat?post=6070"},{"taxonomy":"product_tag","embeddable":true,"href":"https:\/\/www.anamdesign.nl\/en\/wp-json\/wp\/v2\/product_tag?post=6070"}],"curies":[{"name":"wp","href":"https:\/\/api.w.org\/{rel}","templated":true}]}}