{"id":6039,"date":"2020-11-07T14:48:11","date_gmt":"2020-11-07T13:48:11","guid":{"rendered":"https:\/\/www.anamdesign.nl\/?post_type=product&#038;p=6039"},"modified":"2025-12-01T13:02:30","modified_gmt":"2025-12-01T12:02:30","slug":"kerst-13-long-distance-christmas-hugengelsnote-not-available-yet-10-kaarten","status":"publish","type":"product","link":"https:\/\/www.anamdesign.nl\/en\/product\/kerst-13-long-distance-christmas-hugengelsnote-not-available-yet-10-kaarten\/","title":{"rendered":"Kerst 13: Long-distance-Christmas-hug(Engels): 10 KAARTEN!"},"content":{"rendered":"","protected":false},"excerpt":{"rendered":"<p><span style=\"color: #008000;\"><strong>AANBIEDING:\u00a0\u20ac4,- korting! (all\u00e9\u00e9n bij een bestelling van 10 kaarten van d\u00e9ze soort).<\/strong><\/span><\/p>\n<hr \/>\n<p><span style=\"color: #ff6600;\"><strong>NEDERLANDSE BESTEMMING: <em>bestellen mogelijk t\/m UITERLIJK 15 december!<\/em><\/strong><\/span><\/p>\n<p><span style=\"color: #ff6600;\"><strong>BUITENLANDSE BESTEMMING(binnen Europa): <em>bestellen mogelijk t\/m UITERLIJK 5 december!<\/em><\/strong><\/span><\/p>\n<p><span style=\"color: #ff6600;\"><strong>BESTELLING BUITEN EUROPA: <em>nog niet mogelijk!<\/em><\/strong><\/span><\/p>\n<hr \/>\n<p>Klik <span style=\"color: #008000;\"><strong><a style=\"color: #008000;\" href=\"https:\/\/www.anamdesign.nl\/product\/kerst-12-kerst-knuffel-op-afstandlet-op-momenteel-nog-niet-beschikbaar-10-kaarten\/\">HIER<\/a><\/strong>\u00a0<\/span>voor de <em><strong>Nederlandse<\/strong><\/em> versie van deze kaart.<\/p>\n<p>(H)14 cm x (B)14 cm. Gedrukt op 300 grams HVO-papier.<\/p>\n<p>Kaartnr.: Long-distance-Christmas-hug<\/p>\n<p>Wie wil er nu niet een Kerst-knuffel? Al is het dan op afstand\u2026.<\/p>\n<p>Deze kaart heb ik zelf getekend in het programma Illustrator. Daarna heb ik de kaart in het programma Indesign op de computer klaargemaakt voor de drukkerij.<\/p>\n<p>Deze kaart heb ik op de computer ontworpen in het programma Illustrator.<\/p>\n<p>De kaart is leeg\/wit van binnen en wordt geleverd met een rode envelop.<\/p>\n<p>N.B.: kleuren op computerscherm kunnen iets afwijken van de werkelijke(gedrukte) kleuren op de kaart zelf.<\/p>\n","protected":false},"featured_media":6009,"comment_status":"closed","ping_status":"closed","template":"","meta":[],"product_brand":[],"product_cat":[132,128],"product_tag":[],"class_list":{"0":"post-6039","1":"product","2":"type-product","3":"status-publish","4":"has-post-thumbnail","6":"product_cat-engelse-kerstkaarten","7":"product_cat-kerstkaarten","9":"first","10":"instock","11":"sale","12":"taxable","13":"shipping-taxable","14":"purchasable","15":"product-type-simple"},"_links":{"self":[{"href":"https:\/\/www.anamdesign.nl\/en\/wp-json\/wp\/v2\/product\/6039","targetHints":{"allow":["GET"]}}],"collection":[{"href":"https:\/\/www.anamdesign.nl\/en\/wp-json\/wp\/v2\/product"}],"about":[{"href":"https:\/\/www.anamdesign.nl\/en\/wp-json\/wp\/v2\/types\/product"}],"replies":[{"embeddable":true,"href":"https:\/\/www.anamdesign.nl\/en\/wp-json\/wp\/v2\/comments?post=6039"}],"wp:featuredmedia":[{"embeddable":true,"href":"https:\/\/www.anamdesign.nl\/en\/wp-json\/wp\/v2\/media\/6009"}],"wp:attachment":[{"href":"https:\/\/www.anamdesign.nl\/en\/wp-json\/wp\/v2\/media?parent=6039"}],"wp:term":[{"taxonomy":"product_brand","embeddable":true,"href":"https:\/\/www.anamdesign.nl\/en\/wp-json\/wp\/v2\/product_brand?post=6039"},{"taxonomy":"product_cat","embeddable":true,"href":"https:\/\/www.anamdesign.nl\/en\/wp-json\/wp\/v2\/product_cat?post=6039"},{"taxonomy":"product_tag","embeddable":true,"href":"https:\/\/www.anamdesign.nl\/en\/wp-json\/wp\/v2\/product_tag?post=6039"}],"curies":[{"name":"wp","href":"https:\/\/api.w.org\/{rel}","templated":true}]}}