{"id":4892,"date":"2018-12-09T12:23:16","date_gmt":"2018-12-09T11:23:16","guid":{"rendered":"https:\/\/www.anamdesign.nl\/?post_type=product&#038;p=4892"},"modified":"2025-12-01T14:05:33","modified_gmt":"2025-12-01T13:05:33","slug":"kerst-rudolfmagicengels-10-kaarten","status":"publish","type":"product","link":"https:\/\/www.anamdesign.nl\/en\/product\/kerst-rudolfmagicengels-10-kaarten\/","title":{"rendered":"Kerst 8: Rudolf Magic(Engels): 10 KAARTEN!"},"content":{"rendered":"","protected":false},"excerpt":{"rendered":"<p><span style=\"color: #008000;\"><strong>AANBIEDING:\u00a0\u20ac4,- korting! (all\u00e9\u00e9n bij een bestelling van 10 kaarten van d\u00e9ze soort).<\/strong><\/span><\/p>\n<hr \/>\n<p><span style=\"color: #ff6600;\"><strong>LET OP:<\/strong><\/span><\/p>\n<p><span style=\"color: #ff6600;\"><strong>NEDERLANDSE BESTEMMING: <em>bestellen mogelijk t\/m UITERLIJK 15 december!<\/em><\/strong><\/span><\/p>\n<p><span style=\"color: #ff6600;\"><strong>BUITENLANDSE BESTEMMING(binnen Europa): <em>bestellen mogelijk t\/m UITERLIJK 5 december!<\/em><\/strong><\/span><\/p>\n<p><span style=\"color: #ff6600;\"><strong>BESTELLING BUITEN EUROPA: <em>nog niet mogelijk!<\/em><\/strong><\/span><\/p>\n<hr \/>\n<p>(H)14 cm x (B)14 cm. Gedrukt op 300 grams, HVO-papier.<\/p>\n<p>Kaartnr.: RudolfMagic<\/p>\n<p>Betekenis van de Engelse tekst: Geloof in de magie van Kerstmis.<\/p>\n<p>Deze kaart heb ik zelf geschilderd op aquarelpapier, daarna ingescand en verder bewerkt op de computer. Ook de letters zijn volledig door mij gemaakt!<\/p>\n<p>De kaart is leeg\/wit van binnen en wordt geleverd met een rode envelop.<\/p>\n<p>N.B.: kleuren op computerscherm kunnen iets afwijken van de werkelijke(gedrukte) kleuren op de kaart zelf.<\/p>\n","protected":false},"featured_media":6928,"comment_status":"closed","ping_status":"closed","template":"","meta":[],"product_brand":[],"product_cat":[132,128],"product_tag":[],"class_list":{"0":"post-4892","1":"product","2":"type-product","3":"status-publish","4":"has-post-thumbnail","6":"product_cat-engelse-kerstkaarten","7":"product_cat-kerstkaarten","9":"first","10":"instock","11":"sale","12":"taxable","13":"shipping-taxable","14":"purchasable","15":"product-type-simple"},"_links":{"self":[{"href":"https:\/\/www.anamdesign.nl\/en\/wp-json\/wp\/v2\/product\/4892","targetHints":{"allow":["GET"]}}],"collection":[{"href":"https:\/\/www.anamdesign.nl\/en\/wp-json\/wp\/v2\/product"}],"about":[{"href":"https:\/\/www.anamdesign.nl\/en\/wp-json\/wp\/v2\/types\/product"}],"replies":[{"embeddable":true,"href":"https:\/\/www.anamdesign.nl\/en\/wp-json\/wp\/v2\/comments?post=4892"}],"wp:featuredmedia":[{"embeddable":true,"href":"https:\/\/www.anamdesign.nl\/en\/wp-json\/wp\/v2\/media\/6928"}],"wp:attachment":[{"href":"https:\/\/www.anamdesign.nl\/en\/wp-json\/wp\/v2\/media?parent=4892"}],"wp:term":[{"taxonomy":"product_brand","embeddable":true,"href":"https:\/\/www.anamdesign.nl\/en\/wp-json\/wp\/v2\/product_brand?post=4892"},{"taxonomy":"product_cat","embeddable":true,"href":"https:\/\/www.anamdesign.nl\/en\/wp-json\/wp\/v2\/product_cat?post=4892"},{"taxonomy":"product_tag","embeddable":true,"href":"https:\/\/www.anamdesign.nl\/en\/wp-json\/wp\/v2\/product_tag?post=4892"}],"curies":[{"name":"wp","href":"https:\/\/api.w.org\/{rel}","templated":true}]}}